{"id":620,"date":"2019-05-14T10:14:53","date_gmt":"2019-05-14T10:14:53","guid":{"rendered":"http:\/\/novipazar.hola.rs\/?page_id=620"},"modified":"2022-08-15T07:03:50","modified_gmt":"2022-08-15T05:03:50","slug":"kiosk-shop","status":"publish","type":"page","link":"https:\/\/novipazar.hola.rs\/?page_id=620","title":{"rendered":"MANIFESTACIJE"},"content":{"rendered":"<p>[vc_row css_animation=&#8220;&#8220; row_type=&#8220;row&#8220; use_row_as_full_screen_section=&#8220;no&#8220; type=&#8220;full_width&#8220; angled_section=&#8220;no&#8220; text_align=&#8220;left&#8220; background_image_as_pattern=&#8220;without_pattern&#8220; css=&#8220;.vc_custom_1557836838530{margin-top: 50px !important;margin-bottom: 50px !important;}&#8220; z_index=&#8220;&#8220;][vc_column width=&#8220;1\/4&#8243;][\/vc_column][vc_column width=&#8220;1\/2&#8243;][vc_column_text]<\/p>\n<h1 class=\"mkdf-page-title entry-title\" style=\"text-align: center;\"><span style=\"color: #000000;\">Manifestacije<\/span><\/h1>\n<p>&nbsp;<\/p>\n<p>Svake godine u Novom Pazaru se organizuje nekoliko manifestacija i festivala zabavnog i edukativnog sadr\u017eaja, a najpoznatije od njih su:[\/vc_column_text][\/vc_column][vc_column width=&#8220;1\/4&#8243;][\/vc_column][\/vc_row][vc_row css_animation=&#8220;&#8220; row_type=&#8220;row&#8220; use_row_as_full_screen_section=&#8220;no&#8220; type=&#8220;full_width&#8220; angled_section=&#8220;no&#8220; text_align=&#8220;left&#8220; background_image_as_pattern=&#8220;without_pattern&#8220; css=&#8220;.vc_custom_1659702171374{padding-top: 80px !important;padding-bottom: 80px !important;background-color: #f2f2f2 !important;}&#8220; z_index=&#8220;&#8220;][vc_column width=&#8220;1\/4&#8243;][\/vc_column][vc_column width=&#8220;1\/2&#8243;][vc_column_text]<\/p>\n<h1 class=\"page-title\" style=\"text-align: center;\"><span style=\"color: #000000;\">Muzi\u010dki festival Stari grad<\/span><\/h1>\n<p>[\/vc_column_text][vc_empty_space][vc_column_text]<\/p>\n<h3 style=\"text-align: center;\"><span style=\"color: #000000;\">Svake godine krajem jula u Novom Pazaru se organizuje muzi\u010dki festival Stari grad, u organizaciji Kulturnog centra Novi Pazar i Mass entertainment group. Na ovom festivalu su tokom prethodne decenije koncerte odr\u017eavale neke od najpoznatijih pop i rok zvezda regiona.<\/span><\/h3>\n<p>[\/vc_column_text][\/vc_column][vc_column width=&#8220;1\/4&#8243;][\/vc_column][\/vc_row][vc_row css_animation=&#8220;&#8220; row_type=&#8220;row&#8220; use_row_as_full_screen_section=&#8220;no&#8220; type=&#8220;full_width&#8220; angled_section=&#8220;no&#8220; text_align=&#8220;left&#8220; background_image_as_pattern=&#8220;without_pattern&#8220;][vc_column]<div class='qode_image_gallery_no_space light'><div class='qode_image_gallery_holder' style='height: 450px;'><ul  ><li  ><div style=\"height: 450px; width:600px;\"><img decoding=\"async\" itemprop=\"image\" src=\"https:\/\/novipazar.hola.rs\/wp-content\/uploads\/2022\/08\/muz-fest.jpg\" alt=\"\" \/><\/div><\/li><li  ><div style=\"height: 450px; width:680px;\"><img decoding=\"async\" itemprop=\"image\" src=\"https:\/\/novipazar.hola.rs\/wp-content\/uploads\/2022\/08\/colic.jpg\" alt=\"\" \/><\/div><\/li><li  ><div style=\"height: 450px; width:799px;\"><img decoding=\"async\" itemprop=\"image\" src=\"https:\/\/novipazar.hola.rs\/wp-content\/uploads\/2022\/08\/kovacevic.jpg\" alt=\"\" \/><\/div><\/li><li  ><div style=\"height: 450px; width:680px;\"><img decoding=\"async\" itemprop=\"image\" src=\"https:\/\/novipazar.hola.rs\/wp-content\/uploads\/2022\/08\/muz-fest-1.jpg\" alt=\"\" \/><\/div><\/li><li  ><div style=\"height: 450px; width:678px;\"><img decoding=\"async\" itemprop=\"image\" src=\"https:\/\/novipazar.hola.rs\/wp-content\/uploads\/2022\/08\/muz-fest5.jpg\" alt=\"\" \/><\/div><\/li><\/ul><\/div><div class=\"controls\"><a class=\"prev-slide\" href=\"#\"><span><i class=\"fa fa-angle-left\"><\/i><\/span><\/a><a class=\"next-slide\" href=\"#\"><span><i class=\"fa fa-angle-right\"><\/i><\/span><\/a><\/div><\/div>[\/vc_column][\/vc_row][vc_row css_animation=&#8220;&#8220; row_type=&#8220;row&#8220; use_row_as_full_screen_section=&#8220;no&#8220; type=&#8220;full_width&#8220; angled_section=&#8220;no&#8220; text_align=&#8220;left&#8220; background_image_as_pattern=&#8220;without_pattern&#8220; css=&#8220;.vc_custom_1557836838530{margin-top: 50px !important;margin-bottom: 50px !important;}&#8220; z_index=&#8220;&#8220;][vc_column width=&#8220;1\/6&#8243;][\/vc_column][vc_column width=&#8220;2\/3&#8243;][vc_column_text]<\/p>\n<h1 class=\"mkdf-page-title entry-title\" style=\"text-align: center;\"><span style=\"color: #000000;\">Festival stvarala\u0161tva mladih<\/span><\/h1>\n<p>[\/vc_column_text][vc_empty_space][vc_column_text]<\/p>\n<h3 style=\"text-align: center;\"><span style=\"color: #000000;\">U Novom Pazaru se u prole\u0107nom periodu tradicionalno odr\u017eava Festival stvarala\u0161tva mladih. Njegov cilj je podsticanje i promovisanje umetni\u010dkih zalaganja najmla\u0111ih sugra\u0111ana. Novopazarske osnovne \u0161kole u\u010destvuju u pripremi raznovrsnih programa i takmi\u010denja.<\/span><\/h3>\n<p>[\/vc_column_text][\/vc_column][vc_column width=&#8220;1\/6&#8243;][\/vc_column][\/vc_row][vc_row css_animation=&#8220;&#8220; row_type=&#8220;row&#8220; use_row_as_full_screen_section=&#8220;no&#8220; type=&#8220;full_width&#8220; angled_section=&#8220;no&#8220; text_align=&#8220;left&#8220; background_image_as_pattern=&#8220;without_pattern&#8220;][vc_column]<div class='qode_image_gallery_no_space light'><div class='qode_image_gallery_holder' style='height: 450px;'><ul  ><li  ><div style=\"height: 450px; width:678px;\"><img decoding=\"async\" itemprop=\"image\" src=\"https:\/\/novipazar.hola.rs\/wp-content\/uploads\/2022\/08\/FSM1.jpg\" alt=\"\" \/><\/div><\/li><li  ><div style=\"height: 450px; width:678px;\"><img decoding=\"async\" itemprop=\"image\" src=\"https:\/\/novipazar.hola.rs\/wp-content\/uploads\/2022\/08\/fsm2.jpg\" alt=\"\" \/><\/div><\/li><li  ><div style=\"height: 450px; width:678px;\"><img decoding=\"async\" itemprop=\"image\" src=\"https:\/\/novipazar.hola.rs\/wp-content\/uploads\/2022\/08\/fsm3.jpg\" alt=\"\" \/><\/div><\/li><li  ><div style=\"height: 450px; width:678px;\"><img decoding=\"async\" itemprop=\"image\" src=\"https:\/\/novipazar.hola.rs\/wp-content\/uploads\/2022\/08\/fsm4.jpg\" alt=\"\" \/><\/div><\/li><li  ><div style=\"height: 450px; width:678px;\"><img decoding=\"async\" itemprop=\"image\" src=\"https:\/\/novipazar.hola.rs\/wp-content\/uploads\/2022\/08\/fsm5.jpg\" alt=\"\" \/><\/div><\/li><li  ><div style=\"height: 450px; width:678px;\"><img decoding=\"async\" itemprop=\"image\" src=\"https:\/\/novipazar.hola.rs\/wp-content\/uploads\/2022\/08\/fsm7.jpg\" alt=\"\" \/><\/div><\/li><\/ul><\/div><div class=\"controls\"><a class=\"prev-slide\" href=\"#\"><span><i class=\"fa fa-angle-left\"><\/i><\/span><\/a><a class=\"next-slide\" href=\"#\"><span><i class=\"fa fa-angle-right\"><\/i><\/span><\/a><\/div><\/div>[\/vc_column][\/vc_row][vc_row css_animation=&#8220;&#8220; row_type=&#8220;row&#8220; use_row_as_full_screen_section=&#8220;no&#8220; type=&#8220;full_width&#8220; angled_section=&#8220;no&#8220; text_align=&#8220;left&#8220; background_image_as_pattern=&#8220;without_pattern&#8220; css=&#8220;.vc_custom_1557831512464{padding-top: 80px !important;padding-bottom: 80px !important;background-color: #f2f2f2 !important;}&#8220; z_index=&#8220;&#8220;][vc_column width=&#8220;1\/4&#8243;][\/vc_column][vc_column width=&#8220;1\/2&#8243;][vc_column_text]<\/p>\n<h1 class=\"page-title\" style=\"text-align: center;\"><span style=\"color: #000000;\">World Music Fest Zeman<\/span><\/h1>\n<p>[\/vc_column_text][vc_empty_space][vc_column_text]<\/p>\n<h3 style=\"text-align: center;\"><span style=\"color: #000000;\">Ovaj trodnevni muzi\u010dki festival odr\u017eava se svakog avgusta u Novom Pazaru. Jedan je od najmla\u0111ih festivala u regionu, a za vreme njegovog toga odvijaju se koncerti, interaktivne radionice i takmi\u010denje Glas Zemana.<\/span><\/h3>\n<p>[\/vc_column_text][\/vc_column][vc_column width=&#8220;1\/4&#8243;][\/vc_column][\/vc_row][vc_row css_animation=&#8220;&#8220; row_type=&#8220;row&#8220; use_row_as_full_screen_section=&#8220;no&#8220; type=&#8220;full_width&#8220; angled_section=&#8220;no&#8220; text_align=&#8220;left&#8220; background_image_as_pattern=&#8220;without_pattern&#8220;][vc_column]<div class='qode_image_gallery_no_space light'><div class='qode_image_gallery_holder' style='height: 450px;'><ul  ><li  ><div style=\"height: 450px; width:676px;\"><img decoding=\"async\" itemprop=\"image\" src=\"https:\/\/novipazar.hola.rs\/wp-content\/uploads\/2022\/08\/zeman2.jpg\" alt=\"\" \/><\/div><\/li><li  ><div style=\"height: 450px; width:676px;\"><img decoding=\"async\" itemprop=\"image\" src=\"https:\/\/novipazar.hola.rs\/wp-content\/uploads\/2022\/08\/zeman-3.jpg\" alt=\"\" \/><\/div><\/li><li  ><div style=\"height: 450px; width:676px;\"><img decoding=\"async\" itemprop=\"image\" src=\"https:\/\/novipazar.hola.rs\/wp-content\/uploads\/2022\/08\/zeman4.jpg\" alt=\"\" \/><\/div><\/li><li  ><div style=\"height: 450px; width:676px;\"><img decoding=\"async\" itemprop=\"image\" src=\"https:\/\/novipazar.hola.rs\/wp-content\/uploads\/2022\/08\/ueman-5.jpg\" alt=\"\" \/><\/div><\/li><li  ><div style=\"height: 450px; width:676px;\"><img decoding=\"async\" itemprop=\"image\" src=\"https:\/\/novipazar.hola.rs\/wp-content\/uploads\/2022\/08\/zeman6.jpg\" alt=\"\" \/><\/div><\/li><li  ><div style=\"height: 450px; width:676px;\"><img decoding=\"async\" itemprop=\"image\" src=\"https:\/\/novipazar.hola.rs\/wp-content\/uploads\/2022\/08\/zeman-7.jpg\" alt=\"\" \/><\/div><\/li><li  ><div style=\"height: 450px; width:680px;\"><img decoding=\"async\" itemprop=\"image\" src=\"https:\/\/novipazar.hola.rs\/wp-content\/uploads\/2022\/08\/zeman8.jpg\" alt=\"\" \/><\/div><\/li><\/ul><\/div><div class=\"controls\"><a class=\"prev-slide\" href=\"#\"><span><i class=\"fa fa-angle-left\"><\/i><\/span><\/a><a class=\"next-slide\" href=\"#\"><span><i class=\"fa fa-angle-right\"><\/i><\/span><\/a><\/div><\/div>[\/vc_column][\/vc_row][vc_row css_animation=&#8220;&#8220; row_type=&#8220;row&#8220; use_row_as_full_screen_section=&#8220;no&#8220; type=&#8220;full_width&#8220; angled_section=&#8220;no&#8220; text_align=&#8220;left&#8220; background_image_as_pattern=&#8220;without_pattern&#8220; css=&#8220;.vc_custom_1557831512464{padding-top: 80px !important;padding-bottom: 80px !important;background-color: #f2f2f2 !important;}&#8220; z_index=&#8220;&#8220;][vc_column width=&#8220;1\/4&#8243;][\/vc_column][vc_column width=&#8220;1\/2&#8243;][vc_column_text]<\/p>\n<h1 class=\"page-title\" style=\"text-align: center;\"><span style=\"color: #000000;\">Pazar na dar<\/span><\/h1>\n<p>[\/vc_column_text][vc_empty_space][vc_column_text]<\/p>\n<h3 style=\"text-align: center;\"><span style=\"color: #000000;\">U Novom Pazaru odr\u017eava se i festival rukotvorina prodajno-izlo\u017ebenog karaktera. Ovaj kraj od davnina je poznat po izradi raznovrsnih ru\u010dnih radova, poput odevnih predmeta, ukrasa i torbi. Cilj festivala je \u010duvanje starih tradicionalnih zanata od zaborava.<\/span><\/h3>\n<p>[\/vc_column_text][\/vc_column][vc_column width=&#8220;1\/4&#8243;][\/vc_column][\/vc_row][vc_row css_animation=&#8220;&#8220; row_type=&#8220;row&#8220; use_row_as_full_screen_section=&#8220;no&#8220; type=&#8220;full_width&#8220; angled_section=&#8220;no&#8220; text_align=&#8220;left&#8220; background_image_as_pattern=&#8220;without_pattern&#8220;][vc_column]<div class='qode_image_gallery_no_space light'><div class='qode_image_gallery_holder' style='height: 450px;'><ul  ><li  ><div style=\"height: 450px; width:800px;\"><img decoding=\"async\" itemprop=\"image\" src=\"https:\/\/novipazar.hola.rs\/wp-content\/uploads\/2022\/08\/dar.jpg\" alt=\"\" \/><\/div><\/li><li  ><div style=\"height: 450px; width:800px;\"><img decoding=\"async\" itemprop=\"image\" src=\"https:\/\/novipazar.hola.rs\/wp-content\/uploads\/2022\/08\/dar2.jpg\" alt=\"\" \/><\/div><\/li><li  ><div style=\"height: 450px; width:800px;\"><img decoding=\"async\" itemprop=\"image\" src=\"https:\/\/novipazar.hola.rs\/wp-content\/uploads\/2022\/08\/dar3.jpg\" alt=\"\" \/><\/div><\/li><li  ><div style=\"height: 450px; width:800px;\"><img decoding=\"async\" itemprop=\"image\" src=\"https:\/\/novipazar.hola.rs\/wp-content\/uploads\/2022\/08\/dar5.jpg\" alt=\"\" \/><\/div><\/li><li  ><div style=\"height: 450px; width:800px;\"><img decoding=\"async\" itemprop=\"image\" src=\"https:\/\/novipazar.hola.rs\/wp-content\/uploads\/2022\/08\/dar8.jpg\" alt=\"\" \/><\/div><\/li><li  ><div style=\"height: 450px; width:800px;\"><img decoding=\"async\" itemprop=\"image\" src=\"https:\/\/novipazar.hola.rs\/wp-content\/uploads\/2022\/08\/dar9.jpg\" alt=\"\" \/><\/div><\/li><li  ><div style=\"height: 450px; width:800px;\"><img decoding=\"async\" itemprop=\"image\" src=\"https:\/\/novipazar.hola.rs\/wp-content\/uploads\/2022\/08\/dar10.jpg\" alt=\"\" \/><\/div><\/li><\/ul><\/div><div class=\"controls\"><a class=\"prev-slide\" href=\"#\"><span><i class=\"fa fa-angle-left\"><\/i><\/span><\/a><a class=\"next-slide\" href=\"#\"><span><i class=\"fa fa-angle-right\"><\/i><\/span><\/a><\/div><\/div>[\/vc_column][\/vc_row][vc_row css_animation=&#8220;&#8220; row_type=&#8220;row&#8220; use_row_as_full_screen_section=&#8220;no&#8220; type=&#8220;full_width&#8220; angled_section=&#8220;no&#8220; text_align=&#8220;left&#8220; background_image_as_pattern=&#8220;without_pattern&#8220; css=&#8220;.vc_custom_1557831512464{padding-top: 80px !important;padding-bottom: 80px !important;background-color: #f2f2f2 !important;}&#8220; z_index=&#8220;&#8220;][vc_column width=&#8220;1\/4&#8243;][\/vc_column][vc_column width=&#8220;1\/2&#8243;][vc_column_text]<\/p>\n<h1 class=\"page-title\" style=\"text-align: center;\"><span style=\"color: #000000;\">FEMILI Manifestacija<br \/>\n<\/span><\/h1>\n<p>[\/vc_column_text][vc_empty_space][vc_column_text]<\/p>\n<h3 style=\"text-align: center;\"><span style=\"color: #000000;\">U Novom Pazaru odr\u017eavaju se Knji\u017eevni susreti manjinskih zajednica u Srbiji \u2013 FEMILI. Ovaj vrlo zna\u010dajan skup, jedinstven u Srbiji i regionu, podr\u017eali su Ministarstvo kulture i informisanja Republike Srbije i Grad Novi Pazar.<br \/>\n<\/span><\/h3>\n<p>[\/vc_column_text][\/vc_column][vc_column width=&#8220;1\/4&#8243;][\/vc_column][\/vc_row][vc_row css_animation=&#8220;&#8220; row_type=&#8220;row&#8220; use_row_as_full_screen_section=&#8220;no&#8220; type=&#8220;full_width&#8220; angled_section=&#8220;no&#8220; text_align=&#8220;left&#8220; background_image_as_pattern=&#8220;without_pattern&#8220;][vc_column]<div class='qode_image_gallery_no_space light'><div class='qode_image_gallery_holder' style='height: 450px;'><ul  ><li  ><div style=\"height: 450px; width:694px;\"><img decoding=\"async\" itemprop=\"image\" src=\"https:\/\/novipazar.hola.rs\/wp-content\/uploads\/2022\/08\/04.jpg\" alt=\"\" \/><\/div><\/li><li  ><div style=\"height: 450px; width:1006px;\"><img decoding=\"async\" itemprop=\"image\" src=\"https:\/\/novipazar.hola.rs\/wp-content\/uploads\/2022\/08\/06-scaled.jpg\" alt=\"\" \/><\/div><\/li><li  ><div style=\"height: 450px; width:894px;\"><img decoding=\"async\" itemprop=\"image\" src=\"https:\/\/novipazar.hola.rs\/wp-content\/uploads\/2022\/08\/09-scaled.jpg\" alt=\"\" \/><\/div><\/li><li  ><div style=\"height: 450px; width:676px;\"><img decoding=\"async\" itemprop=\"image\" src=\"https:\/\/novipazar.hola.rs\/wp-content\/uploads\/2022\/08\/10.jpg\" alt=\"\" \/><\/div><\/li><li  ><div style=\"height: 450px; width:676px;\"><img decoding=\"async\" itemprop=\"image\" src=\"https:\/\/novipazar.hola.rs\/wp-content\/uploads\/2022\/08\/11.jpg\" alt=\"\" \/><\/div><\/li><li  ><div style=\"height: 450px; width:747px;\"><img decoding=\"async\" itemprop=\"image\" src=\"https:\/\/novipazar.hola.rs\/wp-content\/uploads\/2022\/08\/16.jpg\" alt=\"\" \/><\/div><\/li><\/ul><\/div><div class=\"controls\"><a class=\"prev-slide\" href=\"#\"><span><i class=\"fa fa-angle-left\"><\/i><\/span><\/a><a class=\"next-slide\" href=\"#\"><span><i class=\"fa fa-angle-right\"><\/i><\/span><\/a><\/div><\/div>[\/vc_column][\/vc_row][vc_row css_animation=&#8220;&#8220; row_type=&#8220;row&#8220; use_row_as_full_screen_section=&#8220;no&#8220; type=&#8220;full_width&#8220; angled_section=&#8220;no&#8220; text_align=&#8220;left&#8220; background_image_as_pattern=&#8220;without_pattern&#8220;][vc_column][vc_empty_space][\/vc_column][\/vc_row]<\/p>\n","protected":false},"excerpt":{"rendered":"<p>[vc_row css_animation=&#8220;&#8220; row_type=&#8220;row&#8220; use_row_as_full_screen_section=&#8220;no&#8220; type=&#8220;full_width&#8220; angled_section=&#8220;no&#8220; text_align=&#8220;left&#8220; background_image_as_pattern=&#8220;without_pattern&#8220; css=&#8220;.vc_custom_1557836838530{margin-top: 50px !important;margin-bottom: 50px !important;}&#8220; z_index=&#8220;&#8220;][vc_column width=&#8220;1\/4&#8243;][\/vc_column][vc_column width=&#8220;1\/2&#8243;][vc_column_text] Manifestacije &nbsp; Svake godine u Novom Pazaru se organizuje nekoliko manifestacija i festivala zabavnog i edukativnog sadr\u017eaja, a najpoznatije od njih su:[\/vc_column_text][\/vc_column][vc_column width=&#8220;1\/4&#8243;][\/vc_column][\/vc_row][vc_row css_animation=&#8220;&#8220; row_type=&#8220;row&#8220; use_row_as_full_screen_section=&#8220;no&#8220; type=&#8220;full_width&#8220; angled_section=&#8220;no&#8220; text_align=&#8220;left&#8220;&#8230;<\/p>\n","protected":false},"author":1,"featured_media":0,"parent":0,"menu_order":0,"comment_status":"closed","ping_status":"open","template":"full_width.php","meta":{"footnotes":""},"_links":{"self":[{"href":"https:\/\/novipazar.hola.rs\/index.php?rest_route=\/wp\/v2\/pages\/620"}],"collection":[{"href":"https:\/\/novipazar.hola.rs\/index.php?rest_route=\/wp\/v2\/pages"}],"about":[{"href":"https:\/\/novipazar.hola.rs\/index.php?rest_route=\/wp\/v2\/types\/page"}],"author":[{"embeddable":true,"href":"https:\/\/novipazar.hola.rs\/index.php?rest_route=\/wp\/v2\/users\/1"}],"replies":[{"embeddable":true,"href":"https:\/\/novipazar.hola.rs\/index.php?rest_route=%2Fwp%2Fv2%2Fcomments&post=620"}],"version-history":[{"count":38,"href":"https:\/\/novipazar.hola.rs\/index.php?rest_route=\/wp\/v2\/pages\/620\/revisions"}],"predecessor-version":[{"id":3055,"href":"https:\/\/novipazar.hola.rs\/index.php?rest_route=\/wp\/v2\/pages\/620\/revisions\/3055"}],"wp:attachment":[{"href":"https:\/\/novipazar.hola.rs\/index.php?rest_route=%2Fwp%2Fv2%2Fmedia&parent=620"}],"curies":[{"name":"wp","href":"https:\/\/api.w.org\/{rel}","templated":true}]}}